{"id":2073,"date":"2026-02-27T00:47:52","date_gmt":"2026-02-26T23:47:52","guid":{"rendered":"http:\/\/sv-frohsinn-schoenbrunn.de\/wordpress\/?page_id=2073"},"modified":"2026-02-27T02:43:57","modified_gmt":"2026-02-27T01:43:57","slug":"sport","status":"publish","type":"page","link":"https:\/\/sv-frohsinn-schoenbrunn.de\/wordpress\/sport\/","title":{"rendered":"Sport"},"content":{"rendered":"\n<p class=\"has-text-align-center\">Der Sch\u00fctzenverein Frohsinn Sch\u00f6nbrunn e.V. ist neben dem Gesellschaftlichen auch sportlich sehr aktiv. <br><br>Aktuell stellt der Verein 2 Luftgewehr-, 1 Luftpistole- und eine Auflage-Rundenwettkampfmannschaft. <br>Dazu nimmt der Verein an verschiedenen regionalen und \u00fcberregionalen Wettk\u00e4mpfen teil, wie Meisterschaften, Gemeindepokalen und verschiedenen Preisschie\u00dfen. <br><br>Au\u00dferdem stellen wir unseren Schie\u00dfstand f\u00fcr Wettbewerbe des Gaues, sowie f\u00fcr das Bezirksst\u00fctzpunkttraining des Bezirks Oberbayern zur Verf\u00fcgung.<br><br>Unser Vereinstraining wird von mehreren ausgebildeten Vereins\u00fcbungsleitern organisiert und von einem C-Lizenztrainer unterst\u00fctzt.<br>An unserem Schie\u00dfstand kann mit Luftdruck-, sowie Lichtwaffen geschossen werden.<br>An jedem Stand ist ein patentierter motorisierter Auflagebock verbaut.<\/p>\n\n\n\n<p class=\"has-text-align-center\">Interessenten am Schie\u00dfsport k\u00f6nnen sich Freitags am Vereinsabend ab 19 Uhr am Schie\u00dfstand bei unseren Trainern melden. <br>Jugendliche gerne bereits ab 18:30 Uhr.<br><br>F\u00fcr Fragen stehen Ihnen unsere Sport-, sowie Jugendleiter gerne zur Verf\u00fcgung.<\/p>\n\n\n\n<figure class=\"wp-block-image aligncenter size-large\"><img loading=\"lazy\" decoding=\"async\" width=\"1024\" height=\"683\" src=\"http:\/\/sv-frohsinn-schoenbrunn.de\/wordpress\/wp-content\/uploads\/2026\/02\/IMG-20260127-WA0001-1024x683.jpg\" alt=\"\" class=\"wp-image-2088\" srcset=\"https:\/\/sv-frohsinn-schoenbrunn.de\/wordpress\/wp-content\/uploads\/2026\/02\/IMG-20260127-WA0001-1024x683.jpg 1024w, https:\/\/sv-frohsinn-schoenbrunn.de\/wordpress\/wp-content\/uploads\/2026\/02\/IMG-20260127-WA0001-300x200.jpg 300w, https:\/\/sv-frohsinn-schoenbrunn.de\/wordpress\/wp-content\/uploads\/2026\/02\/IMG-20260127-WA0001.jpg 1890w\" sizes=\"auto, (max-width: 1024px) 100vw, 1024px\" \/><\/figure>\n","protected":false},"excerpt":{"rendered":"<p>Der Sch\u00fctzenverein Frohsinn Sch\u00f6nbrunn e.V. ist neben dem Gesellschaftlichen auch sportlich sehr aktiv. Aktuell stellt der Verein 2 Luftgewehr-, 1 Luftpistole- und eine Auflage-Rundenwettkampfmannschaft. Dazu nimmt der Verein an verschiedenen &hellip; <\/p>\n<p class=\"link-more\"><a href=\"https:\/\/sv-frohsinn-schoenbrunn.de\/wordpress\/sport\/\" class=\"more-link\">Mehr <span class=\"screen-reader-text\">\u00fcber &#8222;Sport&#8220; <\/span>Lesen<\/a><\/p>\n","protected":false},"author":7,"featured_media":0,"parent":0,"menu_order":0,"comment_status":"closed","ping_status":"closed","template":"","meta":{"iawp_total_views":20,"inspiro_hide_title":false,"footnotes":""},"class_list":["post-2073","page","type-page","status-publish","hentry"],"_links":{"self":[{"href":"https:\/\/sv-frohsinn-schoenbrunn.de\/wordpress\/wp-json\/wp\/v2\/pages\/2073","targetHints":{"allow":["GET"]}}],"collection":[{"href":"https:\/\/sv-frohsinn-schoenbrunn.de\/wordpress\/wp-json\/wp\/v2\/pages"}],"about":[{"href":"https:\/\/sv-frohsinn-schoenbrunn.de\/wordpress\/wp-json\/wp\/v2\/types\/page"}],"author":[{"embeddable":true,"href":"https:\/\/sv-frohsinn-schoenbrunn.de\/wordpress\/wp-json\/wp\/v2\/users\/7"}],"replies":[{"embeddable":true,"href":"https:\/\/sv-frohsinn-schoenbrunn.de\/wordpress\/wp-json\/wp\/v2\/comments?post=2073"}],"version-history":[{"count":4,"href":"https:\/\/sv-frohsinn-schoenbrunn.de\/wordpress\/wp-json\/wp\/v2\/pages\/2073\/revisions"}],"predecessor-version":[{"id":2093,"href":"https:\/\/sv-frohsinn-schoenbrunn.de\/wordpress\/wp-json\/wp\/v2\/pages\/2073\/revisions\/2093"}],"wp:attachment":[{"href":"https:\/\/sv-frohsinn-schoenbrunn.de\/wordpress\/wp-json\/wp\/v2\/media?parent=2073"}],"curies":[{"name":"wp","href":"https:\/\/api.w.org\/{rel}","templated":true}]}}