{"id":238,"date":"2017-12-26T19:33:46","date_gmt":"2017-12-26T18:33:46","guid":{"rendered":"http:\/\/sv-frohsinn-schoenbrunn.de\/wordpress\/?page_id=238"},"modified":"2026-02-27T15:18:35","modified_gmt":"2026-02-27T14:18:35","slug":"vorwort","status":"publish","type":"page","link":"https:\/\/sv-frohsinn-schoenbrunn.de\/wordpress\/vorwort\/","title":{"rendered":"Vorwort"},"content":{"rendered":"<h2 style=\"text-align: left;\"><strong><u><b>Der lange Weg zur Neuen Heimat!<\/b><\/u><\/strong><\/h2>\n<h4>Gr\u00fcndung des Vereins<\/h4>\n<p>Nach den Kriegswirren so um 1951 haben sich unsere V\u00e4ter und Gro\u00dfv\u00e4ter beim Gasthaus Br\u00e4u zusammengesetzt und den Sch\u00fctzenverein \u201e Frohsinn Sch\u00f6nbrunn&#8220; gegr\u00fcndet.<br \/>\nEs wurde in der Gaststube auf einen Stand von 7,5 m geschossen und Gallus Gropp war als Zieler eingesetzt.<br \/>\nAls sp\u00e4ter die Gaststube umgebaut wurde, konnten zwei St\u00e4nde mit 10 m benutzt werden, der dann 1967 auf drei St\u00e4nde erweitert wurde. Die Mitgliederzahl steigerte sich enorm und man hatte in der Gaststube kaum mehr Platz, besonders bei einem Vergleichschie\u00dfen. Der Wunsch nach einem eigenen Schie\u00dfraum wurde gefordert, wobei es nicht einfach war da, es schon wegen des Baugrundes nicht m\u00f6glich war.<\/p>\n<h4>Erster Umbau 1974<\/h4>\n<p>Um 1974 nach mehreren Gespr\u00e4chen und l\u00e4ngeren hin und her haben sich die Besitzer des Grundst\u00fcckes bereit erkl\u00e4rt es dem Sch\u00fctzenverein Frohsinn zu schenken. Somit war der Weg frei zum Anbau eines eigenen Schie\u00dfraumes, der in Gemeinschaftsarbeit der Sch\u00fctzenmitglieder und des Gastwirtes M\u00fchlhuber Georg und Maria get\u00e4tigt werden konnte.\u00a0 Im November 1974 konnte dann der Schie\u00dfraum mit seinen f\u00fcnf elektrischen St\u00e4nden feierlich eingeweiht werden. Die Mitgliederzahl wuchs weiter an und es wurde dann bis Ende 2013 mit bester Zufriedenheit darin geschossen. Auch der Wirt hatte bei gr\u00f6\u00dferen Veranstaltungen die M\u00f6glichkeit den Raum zu nutzen.<\/p>\n<h4>Heimatlos<\/h4>\n<p>Im Jahr 2013, nachdem die letzte Wirtin Marile Pfaller pl\u00f6tzlich verstorben war, legte Lothar Pfaller dem Verein nahe, dass er das Gasthaus mit samt den Sch\u00fctzenraum verkaufen und wegziehen will. Da war dann der letzte Schie\u00dfabend vor Weihnachten 2013. Wir Sch\u00fctzen konnten bei unseren \u00a0Patenverein, den \u201eFrohsinn\u201c Sch\u00fctzen \u00a0in \u00a0<span data-cmp_parsed_location_name=\"Armstorf\" data-cmp_parsed_location_weather=\"K03352002\" data-cmp_parsed_location_other=\"0\" data-ce-class=\"Locations\">Armstorf,<\/span> an ihren Schie\u00dfstand vor\u00fcbergehend unterkommen, wo wir bei den Sch\u00fctzenverein sowie den Wirtsleuten Sepp und Hermine Hagl herzlich aufgenommen wurden. Mittlerweile ging die Herbergsuche weiter, wobei vieles in Erw\u00e4gung gezogen wurde. Durch den Kauf der Gastwirtschaft h\u00e4tten wir wieder einziehen k\u00f6nnen, was aber an den Grundst\u00fcckverh\u00e4ltniesen scheiterte, Erweiterung der Schie\u00dfst\u00e4tte und Parkplatz. Sp\u00e4ter kaufte die Gemeinde St. Wolfgang das Gasthaus.<\/p>\n<h4>Eine Hoffnung wird Geboren<\/h4>\n<p>Daraufhin befasste man sich mit einem Neubau an einem geeigneteren Platz. Da die Gemeide uns sehr entgegen kam und dabei behilflich war, konnte ein Platz in k\u00fcrzester Zeit zur Verf\u00fcgung gestellt werden. Es wurde eine Planung f\u00fcr ein zweckm\u00e4\u00dfiges Geb\u00e4ude aller Vereine erstellt.<br \/>\nDie Vorstandschaft hatte sich zwischenzeitlich \u00fcber Zuschu\u00dfm\u00f6glichkeiten f\u00fcr einen Neubau informiert und auch mit den \u00fcbrigen Ortsvereinen durch mehreren Sitzungen diskutiert, wo man zu den Entschluss eines Neubau gekommen ist. Mit Feingef\u00fchl hat man alle M\u00f6glichkeiten der Bezuschussung ausgesch\u00f6pft, somit hat man die Finanzierung des Bauwerkes gesichert. Es war schon eine gro\u00dfe H\u00fcrde was die Vorstandschaft des Sch\u00fctzenvereins sowie auch der \u00fcberigen Vereine und die Verantwortlichen der Pfarrei zu bew\u00e4ltigen hatten. Daf\u00fcr wollen wir denen Dankbar sein, die sich bem\u00fcht haben, wieder uns allen eine Heimat zu schaffen. So konnte am Sonntag den\u00a0 <span data-cmp_parsed_date=\"2018-10-08\" data-ce-class=\"Dates\">08. Okt.<\/span> 2017 der Spatenstich mit den allerseits Beteiligten erfolgen.<\/p>\n<p>Gez.<\/p>\n<p>G\u00f6schl Josef<\/p>\n<p>Ehrensch\u00fctzenmeister\u00a0\u00a0\u00a0\u00a0\u00a0\u00a0\u00a0\u00a0\u00a0\u00a0\u00a0\u00a0\u00a0\u00a0\u00a0\u00a0\u00a0\u00a0\u00a0\u00a0\u00a0\u00a0\u00a0\u00a0\u00a0\u00a0\u00a0\u00a0\u00a0\u00a0\u00a008.01.2018<\/p>\n","protected":false},"excerpt":{"rendered":"<p>Der lange Weg zur Neuen Heimat! Gr\u00fcndung des Vereins Nach den Kriegswirren so um 1951 haben sich unsere V\u00e4ter und Gro\u00dfv\u00e4ter beim Gasthaus Br\u00e4u zusammengesetzt und den Sch\u00fctzenverein \u201e Frohsinn &hellip; <\/p>\n<p class=\"link-more\"><a href=\"https:\/\/sv-frohsinn-schoenbrunn.de\/wordpress\/vorwort\/\" class=\"more-link\">Mehr <span class=\"screen-reader-text\">\u00fcber &#8222;Vorwort&#8220; <\/span>Lesen<\/a><\/p>\n","protected":false},"author":4,"featured_media":2107,"parent":0,"menu_order":14,"comment_status":"closed","ping_status":"closed","template":"","meta":{"iawp_total_views":124,"inspiro_hide_title":false,"footnotes":""},"class_list":["post-238","page","type-page","status-publish","has-post-thumbnail","hentry"],"_links":{"self":[{"href":"https:\/\/sv-frohsinn-schoenbrunn.de\/wordpress\/wp-json\/wp\/v2\/pages\/238","targetHints":{"allow":["GET"]}}],"collection":[{"href":"https:\/\/sv-frohsinn-schoenbrunn.de\/wordpress\/wp-json\/wp\/v2\/pages"}],"about":[{"href":"https:\/\/sv-frohsinn-schoenbrunn.de\/wordpress\/wp-json\/wp\/v2\/types\/page"}],"author":[{"embeddable":true,"href":"https:\/\/sv-frohsinn-schoenbrunn.de\/wordpress\/wp-json\/wp\/v2\/users\/4"}],"replies":[{"embeddable":true,"href":"https:\/\/sv-frohsinn-schoenbrunn.de\/wordpress\/wp-json\/wp\/v2\/comments?post=238"}],"version-history":[{"count":4,"href":"https:\/\/sv-frohsinn-schoenbrunn.de\/wordpress\/wp-json\/wp\/v2\/pages\/238\/revisions"}],"predecessor-version":[{"id":354,"href":"https:\/\/sv-frohsinn-schoenbrunn.de\/wordpress\/wp-json\/wp\/v2\/pages\/238\/revisions\/354"}],"wp:featuredmedia":[{"embeddable":true,"href":"https:\/\/sv-frohsinn-schoenbrunn.de\/wordpress\/wp-json\/wp\/v2\/media\/2107"}],"wp:attachment":[{"href":"https:\/\/sv-frohsinn-schoenbrunn.de\/wordpress\/wp-json\/wp\/v2\/media?parent=238"}],"curies":[{"name":"wp","href":"https:\/\/api.w.org\/{rel}","templated":true}]}}